{"id":8019,"date":"2022-10-20T18:50:32","date_gmt":"2022-10-20T16:50:32","guid":{"rendered":"https:\/\/www.respectzone.org\/application-respectzone\/"},"modified":"2022-11-29T22:30:18","modified_gmt":"2022-11-29T21:30:18","slug":"application-respectzone","status":"publish","type":"page","link":"https:\/\/www.respectzone.org\/en\/application-respectzone\/","title":{"rendered":"Application-RespectZone"},"content":{"rendered":"<p>[vc_row full_width=&#8221;stretch_row_content_no_spaces&#8221;][vc_column][vc_empty_space][vc_single_image image=&#8221;8035&#8243; img_size=&#8221;full&#8221; alignment=&#8221;center&#8221;][vc_empty_space][\/vc_column][\/vc_row][vc_row][vc_column width=&#8221;1\/2&#8243;][vc_empty_space][vc_single_image image=&#8221;8044&#8243; img_size=&#8221;full&#8221; alignment=&#8221;center&#8221; onclick=&#8221;custom_link&#8221; img_link_target=&#8221;_blank&#8221; link=&#8221;https:\/\/play.google.com\/store\/apps\/details?id=com.respectzone.app&#8221;][vc_empty_space][\/vc_column][vc_column width=&#8221;1\/2&#8243;][vc_empty_space][vc_single_image image=&#8221;8042&#8243; img_size=&#8221;full&#8221; alignment=&#8221;center&#8221; onclick=&#8221;custom_link&#8221; img_link_target=&#8221;_blank&#8221; link=&#8221;https:\/\/apps.apple.com\/fr\/app\/respect-zone\/id1638751916&#8243;][vc_empty_space][\/vc_column][\/vc_row][vc_row][vc_column width=&#8221;2\/3&#8243;][vc_column_text]<strong>D\u00e9couvrez l&#8217;Application Respect Zone, un outil d&#8217;accueil et d&#8217;orientation pour vous aider \u00e0 faire face \u00e0 une situation de cyber-harc\u00e8lement.<\/strong><\/p>\n<p><strong>Un outil adapt\u00e9 \u00e0 votre situation pour vous accompagner, vous outiller, vous aider \u00e0 ouvrir les yeux afin d&#8217;identifier les signes invisibles du cyber-harc\u00e8lement et prot\u00e9ger vos proches.<\/strong>[\/vc_column_text][vc_empty_space][vc_column_text]<strong>Parce que chaque ann\u00e9e dans le monde, le harc\u00e8lement frappe 1 enfant sur 3 selon l\u2019UNICEF, qu&#8217;en France, on compte pr\u00e8s d&#8217;1 million d&#8217;enfants en situation de d\u00e9tresse dues au harc\u00e8lement, dont 25% ont d\u00e9j\u00e0\u0300 pense\u0301 au suicide.<\/strong>[\/vc_column_text][vc_empty_space][vc_column_text]Le cyber-harc\u00e8lement recouvre des actions sournoises et dissimul\u00e9es. Pour sensibiliser l\u2019entourage face aux signes invisibles (parents, fratries, camarades de classes, enseignants, formateurs sportifs etc.) et soutenir de fa\u00e7on bienveillante les victimes de cyber harc\u00e8lement, <strong>l\u2019ONG Respect Zone lance son application \u00ab Respect Zone \u00bb o\u00f9 trouver des ressources, assistances et conseils.<\/strong>[\/vc_column_text][vc_empty_space][vc_column_text]<strong>Con\u00e7ue avec l&#8217;aide de ses partenaires dont le service de Psychiatrie de l&#8217;Enfant et de l&#8217;Adolescent de l&#8217;h\u00f4pital Piti\u00e9-Salp\u00eatri\u00e8re, la DILCRAH, META, l&#8217;association ACVS 49, le d\u00e9veloppeur Lucas Costier, le cabinet de legal design Amurabi, du designer UX-UI Geoffrey Dorne, l&#8217;association ACVS 49\u2026<\/strong>[\/vc_column_text][vc_empty_space][vc_column_text]Cette application est la seconde version dont vous pourrez retrouver le projet initial <a href=\"https:\/\/www.respectzone.org\/en\/projet\/app-rz\/\" target=\"_blank\" rel=\"noopener\">ici<\/a>.[\/vc_column_text][vc_empty_space][vc_column_text]Le lancement de l\u2019application est accompagn\u00e9 d\u2019une campagne nationale r\u00e9alis\u00e9e par Publicis Conseils que vous pourrez d\u00e9couvrir sur vos \u00e9crans (t\u00e9l\u00e9, cin\u00e9ma et t\u00e9l\u00e9phone). . <a href=\"https:\/\/www.respectzone.org\/en\/presse\/respect-zone-alerte-sur-les-signes-invisibles-du-cyber-harcelement-afin-de-proteger-les-adolescents-qui-en-sont-victimes\/\" target=\"_blank\" rel=\"noopener\">D\u00e9couvrez notre campagne<\/a>[\/vc_column_text][vc_empty_space][vc_empty_space][\/vc_column][vc_column width=&#8221;1\/3&#8243;]<style type=\"text\/css\" data-type=\"the7_shortcodes-inline-css\">.gallery-carousel-shortcode.gallery-carousel-shortcode-id-2dba1ff2781ef2bfda971b191378808e .owl-nav a {\n  width: 36px;\n  height: 36px;\n  border-radius: 500px;\n}\n.dt-arrow-border-on.gallery-carousel-shortcode.gallery-carousel-shortcode-id-2dba1ff2781ef2bfda971b191378808e .owl-nav a:not(:hover):before {\n  border-width: 0px;\n}\n.dt-arrow-hover-border-on.gallery-carousel-shortcode.gallery-carousel-shortcode-id-2dba1ff2781ef2bfda971b191378808e .owl-nav a:hover:after {\n  border-width: 0px;\n}\n.gallery-carousel-shortcode.gallery-carousel-shortcode-id-2dba1ff2781ef2bfda971b191378808e .owl-nav a.owl-prev {\n  top: 50%;\n  transform: translateY(calc(-50% + 0px));\n  left: -43px;\n}\n@media all and (-ms-high-contrast: none) {\n  .gallery-carousel-shortcode.gallery-carousel-shortcode-id-2dba1ff2781ef2bfda971b191378808e .owl-nav a.owl-prev {\n    transform: translateY(-50%);\n    margin-top: 0px;\n  }\n}\n.gallery-carousel-shortcode.gallery-carousel-shortcode-id-2dba1ff2781ef2bfda971b191378808e .owl-nav a.owl-prev i {\n  padding: 0px 0px 0px 0px;\n}\n.gallery-carousel-shortcode.gallery-carousel-shortcode-id-2dba1ff2781ef2bfda971b191378808e .owl-nav a.owl-next {\n  top: 50%;\n  transform: translateY(calc(-50% + 0px));\n  right: -43px;\n}\n@media all and (-ms-high-contrast: none) {\n  .gallery-carousel-shortcode.gallery-carousel-shortcode-id-2dba1ff2781ef2bfda971b191378808e .owl-nav a.owl-next {\n    transform: translateY(-50%);\n    margin-top: 0px;\n  }\n}\n.gallery-carousel-shortcode.gallery-carousel-shortcode-id-2dba1ff2781ef2bfda971b191378808e .owl-nav a.owl-next i {\n  padding: 0px 0px 0px 0px;\n}\n.gallery-carousel-shortcode.gallery-carousel-shortcode-id-2dba1ff2781ef2bfda971b191378808e .owl-nav i {\n  font-size: 18px;\n}\n.gallery-carousel-shortcode.gallery-carousel-shortcode-id-2dba1ff2781ef2bfda971b191378808e .owl-nav a:not(:hover) i,\n.gallery-carousel-shortcode.gallery-carousel-shortcode-id-2dba1ff2781ef2bfda971b191378808e .owl-nav a:not(:hover) i:before {\n  color: #ffffff;\n  background: none;\n}\n.gallery-carousel-shortcode.gallery-carousel-shortcode-id-2dba1ff2781ef2bfda971b191378808e .owl-nav a:hover i,\n.gallery-carousel-shortcode.gallery-carousel-shortcode-id-2dba1ff2781ef2bfda971b191378808e .owl-nav a:hover i:before {\n  color: rgba(255,255,255,0.75);\n  background: none;\n}\n.gallery-carousel-shortcode.gallery-carousel-shortcode-id-2dba1ff2781ef2bfda971b191378808e .owl-dots {\n  top: calc(100% + 20px);\n  left: 50%;\n  transform: translateX(calc(-50% + 0px));\n}\n@media all and (-ms-high-contrast: none) {\n  .gallery-carousel-shortcode.gallery-carousel-shortcode-id-2dba1ff2781ef2bfda971b191378808e .owl-dots {\n    transform: translateX(-50%);\n    margin-left: 0px;\n  }\n}\n.gallery-carousel-shortcode.gallery-carousel-shortcode-id-2dba1ff2781ef2bfda971b191378808e .owl-dot {\n  width: 10px;\n  height: 10px;\n  margin: 0 8px;\n}\n@media screen and (max-width: 778px) {\n  .gallery-carousel-shortcode.gallery-carousel-shortcode-id-2dba1ff2781ef2bfda971b191378808e.hide-arrows .owl-nav a {\n    display: none;\n  }\n}\n@media screen and (max-width: 778px) {\n  .gallery-carousel-shortcode.gallery-carousel-shortcode-id-2dba1ff2781ef2bfda971b191378808e.reposition-arrows .owl-nav .owl-prev {\n    top: 50%;\n    transform: translateY(calc(-50% + 0px));\n    left: 10px;\n  }\n  .gallery-carousel-shortcode.gallery-carousel-shortcode-id-2dba1ff2781ef2bfda971b191378808e.reposition-arrows .owl-nav .owl-next {\n    top: 50%;\n    transform: translateY(calc(-50% + 0px));\n    right: 10px;\n  }\n}\n@media screen and (max-width: 778px) and all and (-ms-high-contrast: none) {\n  .gallery-carousel-shortcode.gallery-carousel-shortcode-id-2dba1ff2781ef2bfda971b191378808e.reposition-arrows .owl-nav .owl-prev {\n    transform: translateY(-50%);\n    margin-top: 0px;\n  }\n}\n@media screen and (max-width: 778px) and all and (-ms-high-contrast: none) {\n  .gallery-carousel-shortcode.gallery-carousel-shortcode-id-2dba1ff2781ef2bfda971b191378808e.reposition-arrows .owl-nav .owl-next {\n    transform: translateY(-50%);\n    margin-top: 0px;\n  }\n}\n.gallery-carousel-shortcode.gallery-carousel-shortcode-id-2dba1ff2781ef2bfda971b191378808e figure,\n.gallery-carousel-shortcode.gallery-carousel-shortcode-id-2dba1ff2781ef2bfda971b191378808e .rollover,\n.gallery-carousel-shortcode.gallery-carousel-shortcode-id-2dba1ff2781ef2bfda971b191378808e img,\n.gallery-carousel-shortcode.gallery-carousel-shortcode-id-2dba1ff2781ef2bfda971b191378808e .gallery-rollover {\n  border-radius: 0px;\n}\n.gallery-carousel-shortcode.gallery-carousel-shortcode-id-2dba1ff2781ef2bfda971b191378808e.enable-bg-rollover .gallery-rollover {\n  background: -webkit-linear-gradient();\n  background: linear-gradient();\n}\n.gallery-carousel-shortcode.gallery-carousel-shortcode-id-2dba1ff2781ef2bfda971b191378808e.enable-img-shadow .owl-stage-outer {\n  padding: 14px 0;\n}\n.gallery-carousel-shortcode.gallery-carousel-shortcode-id-2dba1ff2781ef2bfda971b191378808e.enable-bg-rollover.hover-scale figure .rollover:after {\n  background: -webkit-linear-gradient();\n  background: linear-gradient();\n}\n.gallery-carousel-shortcode.gallery-carousel-shortcode-id-2dba1ff2781ef2bfda971b191378808e.gallery-shortcode .gallery-zoom-ico {\n  width: 44px;\n  height: 44px;\n  line-height: 44px;\n  border-radius: 100px;\n  margin: -22px 0 0 -22px;\n  border-width: 0px;\n}\n.dt-icon-bg-on.gallery-carousel-shortcode.gallery-carousel-shortcode-id-2dba1ff2781ef2bfda971b191378808e.gallery-shortcode .gallery-zoom-ico {\n  background: rgba(255,255,255,0.3);\n  box-shadow: none;\n}\n.gallery-carousel-shortcode.gallery-carousel-shortcode-id-2dba1ff2781ef2bfda971b191378808e.gallery-shortcode .gallery-zoom-ico:before,\n.gallery-carousel-shortcode.gallery-carousel-shortcode-id-2dba1ff2781ef2bfda971b191378808e.gallery-shortcode .gallery-zoom-ico span {\n  font-size: 32px;\n  line-height: 44px;\n  color: #ffffff;\n  background: none;\n}\n<\/style><div class=\"owl-carousel gallery-carousel-shortcode gallery-shortcode  dt-gallery-container dt-owl-carousel-call gallery-carousel-shortcode-id-2dba1ff2781ef2bfda971b191378808e quick-scale-img enable-bg-rollover meta-info-off dt-arrow-border-on dt-arrow-hover-border-on bullets-small-dot-stroke reposition-arrows dt-icon-bg-off arrows-bg-on disable-arrows-hover-bg arrows-hover-bg-on  hover-fade \" data-scroll-mode=\"1\" data-col-num=\"1\" data-wide-col-num=\"1\" data-laptop-col=\"1\" data-h-tablet-columns-num=\"1\" data-v-tablet-columns-num=\"1\" data-phone-columns-num=\"1\" data-col-gap=\"10\" data-stage-padding=\"0\" data-speed=\"600\" data-autoplay=\"true\" data-autoplay_speed=\"3000\" data-arrows=\"true\" data-bullet=\"false\" data-next-icon=\"icon-ar-017-r\" data-prev-icon=\"icon-ar-017-l\" data-img-shadow-size=\"12px\" data-img-shadow-spread=\"3px\"><div data-post-id=\"8009\" data-date=\"2022-10-21T21:21:31+02:00\" data-name=\"1\"><figure class=\"post\"><a href=\"https:\/\/www.respectzone.org\/wp-content\/uploads\/2022\/10\/1.jpg\" class=\"rollover dt-pswp-item layzr-bg\" data-large_image_width=\"1080\" data-large_image_height=\"1920\" data-dt-img-description=\"\" title=\"1\"><img loading=\"lazy\" decoding=\"async\" class=\"preload-me owl-lazy-load\" src=\"data:image\/svg+xml,%3Csvg%20xmlns%3D&#39;http%3A%2F%2Fwww.w3.org%2F2000%2Fsvg&#39;%20viewBox%3D&#39;0%200%201080%201920&#39;%2F%3E\" data-src=\"https:\/\/www.respectzone.org\/wp-content\/uploads\/2022\/10\/1.jpg\" data-srcset=\"https:\/\/www.respectzone.org\/wp-content\/uploads\/2022\/10\/1.jpg 1080w\" alt=\"\" width=\"1080\" height=\"1920\"  \/><span class=\"gallery-rollover\"><span class=\"gallery-zoom-ico icomoon-the7-font-the7-zoom-06\"><span><\/span><\/span><\/span><\/a><\/figure><\/div><div data-post-id=\"8011\" data-date=\"2022-10-21T21:21:33+02:00\" data-name=\"2\"><figure class=\"post\"><a href=\"https:\/\/www.respectzone.org\/wp-content\/uploads\/2022\/10\/2.jpg\" class=\"rollover dt-pswp-item layzr-bg\" data-large_image_width=\"1080\" data-large_image_height=\"1920\" data-dt-img-description=\"\" title=\"2\"><img loading=\"lazy\" decoding=\"async\" class=\"preload-me owl-lazy-load\" src=\"data:image\/svg+xml,%3Csvg%20xmlns%3D&#39;http%3A%2F%2Fwww.w3.org%2F2000%2Fsvg&#39;%20viewBox%3D&#39;0%200%201080%201920&#39;%2F%3E\" data-src=\"https:\/\/www.respectzone.org\/wp-content\/uploads\/2022\/10\/2.jpg\" data-srcset=\"https:\/\/www.respectzone.org\/wp-content\/uploads\/2022\/10\/2.jpg 1080w\" alt=\"\" width=\"1080\" height=\"1920\"  \/><span class=\"gallery-rollover\"><span class=\"gallery-zoom-ico icomoon-the7-font-the7-zoom-06\"><span><\/span><\/span><\/span><\/a><\/figure><\/div><div data-post-id=\"8013\" data-date=\"2022-10-21T21:21:34+02:00\" data-name=\"3\"><figure class=\"post\"><a href=\"https:\/\/www.respectzone.org\/wp-content\/uploads\/2022\/10\/3.jpg\" class=\"rollover dt-pswp-item layzr-bg\" data-large_image_width=\"1080\" data-large_image_height=\"1920\" data-dt-img-description=\"\" title=\"3\"><img loading=\"lazy\" decoding=\"async\" class=\"preload-me owl-lazy-load\" src=\"data:image\/svg+xml,%3Csvg%20xmlns%3D&#39;http%3A%2F%2Fwww.w3.org%2F2000%2Fsvg&#39;%20viewBox%3D&#39;0%200%201080%201920&#39;%2F%3E\" data-src=\"https:\/\/www.respectzone.org\/wp-content\/uploads\/2022\/10\/3.jpg\" data-srcset=\"https:\/\/www.respectzone.org\/wp-content\/uploads\/2022\/10\/3.jpg 1080w\" alt=\"\" width=\"1080\" height=\"1920\"  \/><span class=\"gallery-rollover\"><span class=\"gallery-zoom-ico icomoon-the7-font-the7-zoom-06\"><span><\/span><\/span><\/span><\/a><\/figure><\/div><div data-post-id=\"8015\" data-date=\"2022-10-21T21:21:35+02:00\" data-name=\"4\"><figure class=\"post\"><a href=\"https:\/\/www.respectzone.org\/wp-content\/uploads\/2022\/10\/4.jpg\" class=\"rollover dt-pswp-item layzr-bg\" data-large_image_width=\"1080\" data-large_image_height=\"1920\" data-dt-img-description=\"\" title=\"4\"><img loading=\"lazy\" decoding=\"async\" class=\"preload-me owl-lazy-load\" src=\"data:image\/svg+xml,%3Csvg%20xmlns%3D&#39;http%3A%2F%2Fwww.w3.org%2F2000%2Fsvg&#39;%20viewBox%3D&#39;0%200%201080%201920&#39;%2F%3E\" data-src=\"https:\/\/www.respectzone.org\/wp-content\/uploads\/2022\/10\/4.jpg\" data-srcset=\"https:\/\/www.respectzone.org\/wp-content\/uploads\/2022\/10\/4.jpg 1080w\" alt=\"\" width=\"1080\" height=\"1920\"  \/><span class=\"gallery-rollover\"><span class=\"gallery-zoom-ico icomoon-the7-font-the7-zoom-06\"><span><\/span><\/span><\/span><\/a><\/figure><\/div><div data-post-id=\"8017\" data-date=\"2022-10-21T21:21:36+02:00\" data-name=\"5\"><figure class=\"post\"><a href=\"https:\/\/www.respectzone.org\/wp-content\/uploads\/2022\/10\/5.jpg\" class=\"rollover dt-pswp-item layzr-bg\" data-large_image_width=\"1080\" data-large_image_height=\"1920\" data-dt-img-description=\"\" title=\"5\"><img loading=\"lazy\" decoding=\"async\" class=\"preload-me owl-lazy-load\" src=\"data:image\/svg+xml,%3Csvg%20xmlns%3D&#39;http%3A%2F%2Fwww.w3.org%2F2000%2Fsvg&#39;%20viewBox%3D&#39;0%200%201080%201920&#39;%2F%3E\" data-src=\"https:\/\/www.respectzone.org\/wp-content\/uploads\/2022\/10\/5.jpg\" data-srcset=\"https:\/\/www.respectzone.org\/wp-content\/uploads\/2022\/10\/5.jpg 1080w\" alt=\"\" width=\"1080\" height=\"1920\"  \/><span class=\"gallery-rollover\"><span class=\"gallery-zoom-ico icomoon-the7-font-the7-zoom-06\"><span><\/span><\/span><\/span><\/a><\/figure><\/div><\/div>[\/vc_column][\/vc_row]<\/p>\n","protected":false},"excerpt":{"rendered":"<p>[vc_row full_width=&#8221;stretch_row_content_no_spaces&#8221;][vc_column][vc_empty_space][vc_single_image image=&#8221;8035&#8243; img_size=&#8221;full&#8221; alignment=&#8221;center&#8221;][vc_empty_space][\/vc_column][\/vc_row][vc_row][vc_column width=&#8221;1\/2&#8243;][vc_empty_space][vc_single_image image=&#8221;8044&#8243; img_size=&#8221;full&#8221; alignment=&#8221;center&#8221; onclick=&#8221;custom_link&#8221; img_link_target=&#8221;_blank&#8221; link=&#8221;https:\/\/play.google.com\/store\/apps\/details?id=com.respectzone.app&#8221;][vc_empty_space][\/vc_column][vc_column width=&#8221;1\/2&#8243;][vc_empty_space][vc_single_image image=&#8221;8042&#8243; img_size=&#8221;full&#8221; alignment=&#8221;center&#8221; onclick=&#8221;custom_link&#8221; img_link_target=&#8221;_blank&#8221; link=&#8221;https:\/\/apps.apple.com\/fr\/app\/respect-zone\/id1638751916&#8243;][vc_empty_space][\/vc_column][\/vc_row][vc_row][vc_column width=&#8221;2\/3&#8243;][vc_column_text]D\u00e9couvrez l&#8217;Application Respect Zone, un outil d&#8217;accueil et d&#8217;orientation pour vous aider \u00e0 faire face \u00e0 une situation de cyber-harc\u00e8lement. Un outil adapt\u00e9 \u00e0 votre situation pour vous accompagner, vous outiller, vous aider \u00e0 ouvrir les&hellip;<\/p>\n","protected":false},"author":1,"featured_media":8002,"parent":0,"menu_order":0,"comment_status":"closed","ping_status":"closed","template":"","meta":{"footnotes":""},"class_list":["post-8019","page","type-page","status-publish","has-post-thumbnail","hentry","description-off"],"_links":{"self":[{"href":"https:\/\/www.respectzone.org\/en\/wp-json\/wp\/v2\/pages\/8019","targetHints":{"allow":["GET"]}}],"collection":[{"href":"https:\/\/www.respectzone.org\/en\/wp-json\/wp\/v2\/pages"}],"about":[{"href":"https:\/\/www.respectzone.org\/en\/wp-json\/wp\/v2\/types\/page"}],"author":[{"embeddable":true,"href":"https:\/\/www.respectzone.org\/en\/wp-json\/wp\/v2\/users\/1"}],"replies":[{"embeddable":true,"href":"https:\/\/www.respectzone.org\/en\/wp-json\/wp\/v2\/comments?post=8019"}],"version-history":[{"count":20,"href":"https:\/\/www.respectzone.org\/en\/wp-json\/wp\/v2\/pages\/8019\/revisions"}],"predecessor-version":[{"id":8117,"href":"https:\/\/www.respectzone.org\/en\/wp-json\/wp\/v2\/pages\/8019\/revisions\/8117"}],"wp:featuredmedia":[{"embeddable":true,"href":"https:\/\/www.respectzone.org\/en\/wp-json\/wp\/v2\/media\/8002"}],"wp:attachment":[{"href":"https:\/\/www.respectzone.org\/en\/wp-json\/wp\/v2\/media?parent=8019"}],"curies":[{"name":"wp","href":"https:\/\/api.w.org\/{rel}","templated":true}]}}